{"id":7620,"date":"2023-10-06T23:53:15","date_gmt":"2023-10-06T23:53:15","guid":{"rendered":"http:\/\/2be-in.com\/?post_type=product&#038;p=7620"},"modified":"2023-10-07T18:40:15","modified_gmt":"2023-10-07T18:40:15","slug":"master-plan","status":"publish","type":"product","link":"https:\/\/2be-in.com\/en\/product\/master-plan\/","title":{"rendered":"Master Plan"},"content":{"rendered":"<h2>Incluye<\/h2>\n<h3><img decoding=\"async\" class=\"alignnone wp-image-7569\" src=\"http:\/\/2be-in.com\/wp-content\/uploads\/2023\/10\/facebook-1920w-300x300.webp\" alt=\"\" width=\"40\" height=\"40\" srcset=\"https:\/\/2be-in.com\/wp-content\/uploads\/2023\/10\/facebook-1920w-300x300.webp 300w, https:\/\/2be-in.com\/wp-content\/uploads\/2023\/10\/facebook-1920w-150x150.webp 150w, https:\/\/2be-in.com\/wp-content\/uploads\/2023\/10\/facebook-1920w-12x12.webp 12w, https:\/\/2be-in.com\/wp-content\/uploads\/2023\/10\/facebook-1920w-100x100.webp 100w, https:\/\/2be-in.com\/wp-content\/uploads\/2023\/10\/facebook-1920w.webp 512w\" sizes=\"(max-width: 40px) 100vw, 40px\" \/> 30 Dise\u00f1os<\/h3>\n<h2><img decoding=\"async\" class=\"alignnone size-medium wp-image-7570\" src=\"http:\/\/2be-in.com\/wp-content\/uploads\/2023\/10\/instagram-1920w-300x300.webp\" alt=\"\" width=\"40\" height=\"40\" srcset=\"https:\/\/2be-in.com\/wp-content\/uploads\/2023\/10\/instagram-1920w-300x300.webp 300w, https:\/\/2be-in.com\/wp-content\/uploads\/2023\/10\/instagram-1920w-150x150.webp 150w, https:\/\/2be-in.com\/wp-content\/uploads\/2023\/10\/instagram-1920w-12x12.webp 12w, https:\/\/2be-in.com\/wp-content\/uploads\/2023\/10\/instagram-1920w-100x100.webp 100w, https:\/\/2be-in.com\/wp-content\/uploads\/2023\/10\/instagram-1920w.webp 512w\" sizes=\"(max-width: 40px) 100vw, 40px\" \/> 20 Dise\u00f1os<\/h2>\n<h2><img decoding=\"async\" class=\"alignnone size-medium wp-image-7574\" src=\"http:\/\/2be-in.com\/wp-content\/uploads\/2023\/10\/tik-tok-1920-300x300.webp\" alt=\"\" width=\"40\" height=\"40\" srcset=\"https:\/\/2be-in.com\/wp-content\/uploads\/2023\/10\/tik-tok-1920-300x300.webp 300w, https:\/\/2be-in.com\/wp-content\/uploads\/2023\/10\/tik-tok-1920-150x150.webp 150w, https:\/\/2be-in.com\/wp-content\/uploads\/2023\/10\/tik-tok-1920-12x12.webp 12w, https:\/\/2be-in.com\/wp-content\/uploads\/2023\/10\/tik-tok-1920-100x100.webp 100w, https:\/\/2be-in.com\/wp-content\/uploads\/2023\/10\/tik-tok-1920.webp 512w\" sizes=\"(max-width: 40px) 100vw, 40px\" \/> 8 Videos<\/h2>\n<h2><img loading=\"lazy\" decoding=\"async\" class=\"alignnone size-medium wp-image-7574\" src=\"https:\/\/e7.pngegg.com\/pngimages\/7\/820\/png-clipart-laptop-computer-icons-computer-monitors-icon-computer-angle-text.png\" alt=\"\" width=\"40\" height=\"40\" \/> Desarrollo de 1 p\u00e1gina web (5 p\u00e1ginas de ejemplo)<\/h2>\n<h3>+ Incluye $20.00 USD en ads<\/h3>\n<div class=\"wpforms-container\" id=\"wpforms-7583\"><form id=\"wpforms-form-7583\" class=\"wpforms-validate wpforms-form wpforms-ajax-form\" data-formid=\"7583\" method=\"post\" enctype=\"multipart\/form-data\" action=\"\/en\/wp-json\/wp\/v2\/product\/7620\" data-token=\"0eb68e11e5600df12824944cd373048a\" data-trp-original-action=\"\/en\/wp-json\/wp\/v2\/product\/7620\"><noscript class=\"wpforms-error-noscript\">Please enable JavaScript in your browser to complete this form.<\/noscript><div class=\"wpforms-field-container\"><div id=\"wpforms-7583-field_1-container\" class=\"wpforms-field wpforms-field-html\" data-field-id=\"1\"><div id=\"wpforms-7583-field_1\"><h3>Cont\u00e1ctate con nosotros y despega tu negocio<\/h3><\/div><\/div><div id=\"wpforms-7583-field_2-container\" class=\"wpforms-field wpforms-field-layout\" data-field-id=\"2\"><label class=\"wpforms-field-label wpforms-label-hide\" for=\"wpforms-7583-field_2\">Layout<\/label><div class=\"wpforms-field-layout-columns wpforms-field-layout-preset-50-50\"><div class=\"wpforms-layout-column wpforms-layout-column-50\"><div id=\"wpforms-7583-field_3-container\" class=\"wpforms-field wpforms-field-name\" data-field-id=\"3\"><label class=\"wpforms-field-label\" for=\"wpforms-7583-field_3\">Name <span class=\"wpforms-required-label\">*<\/span><\/label><input type=\"text\" id=\"wpforms-7583-field_3\" class=\"wpforms-field-medium wpforms-field-required\" name=\"wpforms[fields][3]\" required><\/div><div id=\"wpforms-7583-field_8-container\" class=\"wpforms-field wpforms-field-email\" data-field-id=\"8\"><label class=\"wpforms-field-label\" for=\"wpforms-7583-field_8\">Correo electr\u00f3nico <span class=\"wpforms-required-label\">*<\/span><\/label><input type=\"email\" id=\"wpforms-7583-field_8\" class=\"wpforms-field-medium wpforms-field-required\" name=\"wpforms[fields][8]\" required><\/div><div id=\"wpforms-7583-field_11-container\" class=\"wpforms-field wpforms-field-textarea\" data-field-id=\"11\"><label class=\"wpforms-field-label\" for=\"wpforms-7583-field_11\">Dudas<\/label><textarea id=\"wpforms-7583-field_11\" class=\"wpforms-field-medium\" name=\"wpforms[fields][11]\" ><\/textarea><\/div><\/div><div class=\"wpforms-layout-column wpforms-layout-column-50\"><div id=\"wpforms-7583-field_4-container\" class=\"wpforms-field wpforms-field-phone\" data-field-id=\"4\"><label class=\"wpforms-field-label\" for=\"wpforms-7583-field_4\">Tel\u00e9fono  <span class=\"wpforms-required-label\">*<\/span><\/label><input type=\"tel\" id=\"wpforms-7583-field_4\" class=\"wpforms-field-medium wpforms-field-required wpforms-smart-phone-field\" data-rule-smart-phone-field=\"true\" name=\"wpforms[fields][4]\" required><\/div><div id=\"wpforms-7583-field_10-container\" class=\"wpforms-field wpforms-field-select wpforms-field-select-style-classic\" data-field-id=\"10\"><label class=\"wpforms-field-label\" for=\"wpforms-7583-field_10\">Servicio de inter\u00e9s  <span class=\"wpforms-required-label\">*<\/span><\/label><select id=\"wpforms-7583-field_10\" class=\"wpforms-field-medium wpforms-field-required\" name=\"wpforms[fields][10]\" required=\"required\"><option value=\"Administraci\u00f3n de redes sociales\" >Administraci\u00f3n de redes sociales<\/option><option value=\"Administraci\u00f3n de redes sociales + revisi\u00f3n \" >Administraci\u00f3n de redes sociales + revisi\u00f3n <\/option><option value=\"Campa\u00f1as sociales media\" >Campa\u00f1as sociales media<\/option><option value=\"Desarrollo web\" >Desarrollo web<\/option><option value=\"Dise\u00f1o de marca\" >Dise\u00f1o de marca<\/option><option value=\"Google Ads\" >Google Ads<\/option><option value=\"Master plan\" >Master plan<\/option><option value=\"Video marketing\" >Video marketing<\/option><\/select><\/div><\/div><\/div><\/div><\/div><div class=\"wpforms-recaptcha-container wpforms-is-recaptcha\"><div class=\"g-recaptcha\" data-sitekey=\"6LcXH_cjAAAAADGrScgQubFtLHm-oj492SXUwSJ9\"><\/div><input type=\"text\" name=\"g-recaptcha-hidden\" class=\"wpforms-recaptcha-hidden\" style=\"position:absolute!important;clip:rect(0,0,0,0)!important;height:1px!important;width:1px!important;border:0!important;overflow:hidden!important;padding:0!important;margin:0!important;\" required><\/div><div class=\"wpforms-submit-container\"><input type=\"hidden\" name=\"wpforms[id]\" value=\"7583\"><input type=\"hidden\" name=\"wpforms[author]\" value=\"2\"><button type=\"submit\" name=\"wpforms[submit]\" id=\"wpforms-submit-7583\" class=\"wpforms-submit\" data-alt-text=\"Enviando...\" data-submit-text=\"Enviar\" aria-live=\"assertive\" value=\"wpforms-submit\">Send<\/button><img loading=\"lazy\" decoding=\"async\" src=\"https:\/\/2be-in.com\/wp-content\/plugins\/wpforms\/assets\/images\/submit-spin.svg\" class=\"wpforms-submit-spinner\" style=\"display: none;\" width=\"26\" height=\"26\" alt=\"Loading\"><\/div><input type=\"hidden\" name=\"trp-form-language\" value=\"en\"\/><\/form><\/div>  <!-- .wpforms-container -->","protected":false},"excerpt":{"rendered":"<p>El paquete de marketing m\u00e1s completo<br \/>\npara tu negocio al mejor precio.<br \/>\nCosto de $6,000.00 MXN<\/p>\n<p>*Entrega<\/p>\n<p>P\u00e1gina web informativa: 8 d\u00edas h\u00e1biles<br \/>\nRedes sociales: mismo d\u00eda de contrataci\u00f3n<br \/>\nteniendo toda la informaci\u00f3n del cliente.<\/p>","protected":false},"featured_media":7624,"template":"","meta":{"site-sidebar-layout":"default","site-content-layout":"","ast-site-content-layout":"default","site-content-style":"default","site-sidebar-style":"default","ast-global-header-display":"","ast-banner-title-visibility":"","ast-main-header-display":"","ast-hfb-above-header-display":"","ast-hfb-below-header-display":"","ast-hfb-mobile-header-display":"","site-post-title":"","ast-breadcrumbs-content":"","ast-featured-img":"","footer-sml-layout":"","theme-transparent-header-meta":"default","adv-header-id-meta":"","stick-header-meta":"","header-above-stick-meta":"","header-main-stick-meta":"","header-below-stick-meta":"","astra-migrate-meta-layouts":"set","ast-page-background-enabled":"default","ast-page-background-meta":{"desktop":{"background-color":"","background-image":"","background-repeat":"repeat","background-position":"center center","background-size":"auto","background-attachment":"scroll","background-type":"","background-media":"","overlay-type":"","overlay-color":"","overlay-gradient":""},"tablet":{"background-color":"","background-image":"","background-repeat":"repeat","background-position":"center center","background-size":"auto","background-attachment":"scroll","background-type":"","background-media":"","overlay-type":"","overlay-color":"","overlay-gradient":""},"mobile":{"background-color":"","background-image":"","background-repeat":"repeat","background-position":"center center","background-size":"auto","background-attachment":"scroll","background-type":"","background-media":"","overlay-type":"","overlay-color":"","overlay-gradient":""}},"ast-content-background-meta":{"desktop":{"background-color":"var(--ast-global-color-5)","background-image":"","background-repeat":"repeat","background-position":"center center","background-size":"auto","background-attachment":"scroll","background-type":"","background-media":"","overlay-type":"","overlay-color":"","overlay-gradient":""},"tablet":{"background-color":"var(--ast-global-color-5)","background-image":"","background-repeat":"repeat","background-position":"center center","background-size":"auto","background-attachment":"scroll","background-type":"","background-media":"","overlay-type":"","overlay-color":"","overlay-gradient":""},"mobile":{"background-color":"var(--ast-global-color-5)","background-image":"","background-repeat":"repeat","background-position":"center center","background-size":"auto","background-attachment":"scroll","background-type":"","background-media":"","overlay-type":"","overlay-color":"","overlay-gradient":""}},"_joinchat":[]},"product_brand":[],"product_cat":[71],"product_tag":[],"class_list":{"0":"post-7620","1":"product","2":"type-product","3":"status-publish","4":"has-post-thumbnail","6":"product_cat-catalogo-servicios","7":"desktop-align-left","8":"tablet-align-left","9":"mobile-align-left","11":"first","12":"instock","13":"shipping-taxable","14":"product-type-simple"},"yoast_head":"<!-- This site is optimized with the Yoast SEO Premium plugin v19.5 (Yoast SEO v23.4) - https:\/\/yoast.com\/wordpress\/plugins\/seo\/ -->\n<title>Master Plan - 2Be-in<\/title>\n<meta name=\"robots\" content=\"index, follow, max-snippet:-1, max-image-preview:large, max-video-preview:-1\" \/>\n<link rel=\"canonical\" href=\"https:\/\/2be-in.com\/en\/product\/master-plan\/\" \/>\n<meta property=\"og:locale\" content=\"en_US\" \/>\n<meta property=\"og:type\" content=\"article\" \/>\n<meta property=\"og:title\" content=\"Master Plan\" \/>\n<meta property=\"og:description\" content=\"El paquete de marketing m\u00e1s completo para tu negocio al mejor precio. Costo de $6,000.00 MXN  *Entrega  P\u00e1gina web informativa: 8 d\u00edas h\u00e1biles Redes sociales: mismo d\u00eda de contrataci\u00f3n teniendo toda la informaci\u00f3n del cliente.\" \/>\n<meta property=\"og:url\" content=\"https:\/\/2be-in.com\/en\/product\/master-plan\/\" \/>\n<meta property=\"og:site_name\" content=\"2Be-in\" \/>\n<meta property=\"article:publisher\" content=\"https:\/\/www.facebook.com\/2be-in-111216298214092\" \/>\n<meta property=\"article:modified_time\" content=\"2023-10-07T18:40:15+00:00\" \/>\n<meta property=\"og:image\" content=\"https:\/\/2be-in.com\/wp-content\/uploads\/2023\/10\/pexels-photo-5082579.webp\" \/>\n\t<meta property=\"og:image:width\" content=\"1125\" \/>\n\t<meta property=\"og:image:height\" content=\"750\" \/>\n\t<meta property=\"og:image:type\" content=\"image\/webp\" \/>\n<meta name=\"twitter:card\" content=\"summary_large_image\" \/>\n<meta name=\"twitter:label1\" content=\"Est. reading time\" \/>\n\t<meta name=\"twitter:data1\" content=\"1 minute\" \/>\n<script type=\"application\/ld+json\" class=\"yoast-schema-graph\">{\"@context\":\"https:\/\/schema.org\",\"@graph\":[{\"@type\":\"WebPage\",\"@id\":\"https:\/\/2be-in.com\/producto\/master-plan\/\",\"url\":\"https:\/\/2be-in.com\/producto\/master-plan\/\",\"name\":\"Master Plan - 2Be-in\",\"isPartOf\":{\"@id\":\"https:\/\/2be-in.com\/#website\"},\"primaryImageOfPage\":{\"@id\":\"https:\/\/2be-in.com\/producto\/master-plan\/#primaryimage\"},\"image\":{\"@id\":\"https:\/\/2be-in.com\/producto\/master-plan\/#primaryimage\"},\"thumbnailUrl\":\"https:\/\/2be-in.com\/wp-content\/uploads\/2023\/10\/pexels-photo-5082579.webp\",\"datePublished\":\"2023-10-06T23:53:15+00:00\",\"dateModified\":\"2023-10-07T18:40:15+00:00\",\"breadcrumb\":{\"@id\":\"https:\/\/2be-in.com\/producto\/master-plan\/#breadcrumb\"},\"inLanguage\":\"en-US\",\"potentialAction\":[{\"@type\":\"ReadAction\",\"target\":[\"https:\/\/2be-in.com\/producto\/master-plan\/\"]}]},{\"@type\":\"ImageObject\",\"inLanguage\":\"en-US\",\"@id\":\"https:\/\/2be-in.com\/producto\/master-plan\/#primaryimage\",\"url\":\"https:\/\/2be-in.com\/wp-content\/uploads\/2023\/10\/pexels-photo-5082579.webp\",\"contentUrl\":\"https:\/\/2be-in.com\/wp-content\/uploads\/2023\/10\/pexels-photo-5082579.webp\",\"width\":1125,\"height\":750},{\"@type\":\"BreadcrumbList\",\"@id\":\"https:\/\/2be-in.com\/producto\/master-plan\/#breadcrumb\",\"itemListElement\":[{\"@type\":\"ListItem\",\"position\":1,\"name\":\"Portada\",\"item\":\"https:\/\/2be-in.com\/\"},{\"@type\":\"ListItem\",\"position\":2,\"name\":\"Tienda\",\"item\":\"https:\/\/2be-in.com\/tienda\/\"},{\"@type\":\"ListItem\",\"position\":3,\"name\":\"Master Plan\"}]},{\"@type\":\"WebSite\",\"@id\":\"https:\/\/2be-in.com\/#website\",\"url\":\"https:\/\/2be-in.com\/\",\"name\":\"2Be-in\",\"description\":\"Tours virtuales\",\"publisher\":{\"@id\":\"https:\/\/2be-in.com\/#organization\"},\"potentialAction\":[{\"@type\":\"SearchAction\",\"target\":{\"@type\":\"EntryPoint\",\"urlTemplate\":\"https:\/\/2be-in.com\/?s={search_term_string}\"},\"query-input\":{\"@type\":\"PropertyValueSpecification\",\"valueRequired\":true,\"valueName\":\"search_term_string\"}}],\"inLanguage\":\"en-US\"},{\"@type\":\"Organization\",\"@id\":\"https:\/\/2be-in.com\/#organization\",\"name\":\"2Be-in\",\"url\":\"https:\/\/2be-in.com\/\",\"logo\":{\"@type\":\"ImageObject\",\"inLanguage\":\"en-US\",\"@id\":\"https:\/\/2be-in.com\/#\/schema\/logo\/image\/\",\"url\":\"https:\/\/2be-in.com\/wp-content\/uploads\/2022\/04\/cropped-2-be-in.png\",\"contentUrl\":\"https:\/\/2be-in.com\/wp-content\/uploads\/2022\/04\/cropped-2-be-in.png\",\"width\":500,\"height\":491,\"caption\":\"2Be-in\"},\"image\":{\"@id\":\"https:\/\/2be-in.com\/#\/schema\/logo\/image\/\"},\"sameAs\":[\"https:\/\/www.facebook.com\/2be-in-111216298214092\"]}]}<\/script>\n<!-- \/ Yoast SEO Premium plugin. -->","yoast_head_json":{"title":"Master Plan - 2Be-in","robots":{"index":"index","follow":"follow","max-snippet":"max-snippet:-1","max-image-preview":"max-image-preview:large","max-video-preview":"max-video-preview:-1"},"canonical":"https:\/\/2be-in.com\/en\/product\/master-plan\/","og_locale":"en_US","og_type":"article","og_title":"Master Plan","og_description":"El paquete de marketing m\u00e1s completo para tu negocio al mejor precio. Costo de $6,000.00 MXN  *Entrega  P\u00e1gina web informativa: 8 d\u00edas h\u00e1biles Redes sociales: mismo d\u00eda de contrataci\u00f3n teniendo toda la informaci\u00f3n del cliente.","og_url":"https:\/\/2be-in.com\/en\/product\/master-plan\/","og_site_name":"2Be-in","article_publisher":"https:\/\/www.facebook.com\/2be-in-111216298214092","article_modified_time":"2023-10-07T18:40:15+00:00","og_image":[{"width":1125,"height":750,"url":"https:\/\/2be-in.com\/wp-content\/uploads\/2023\/10\/pexels-photo-5082579.webp","type":"image\/webp"}],"twitter_card":"summary_large_image","twitter_misc":{"Est. reading time":"1 minute"},"schema":{"@context":"https:\/\/schema.org","@graph":[{"@type":"WebPage","@id":"https:\/\/2be-in.com\/producto\/master-plan\/","url":"https:\/\/2be-in.com\/producto\/master-plan\/","name":"Master Plan - 2Be-in","isPartOf":{"@id":"https:\/\/2be-in.com\/#website"},"primaryImageOfPage":{"@id":"https:\/\/2be-in.com\/producto\/master-plan\/#primaryimage"},"image":{"@id":"https:\/\/2be-in.com\/producto\/master-plan\/#primaryimage"},"thumbnailUrl":"https:\/\/2be-in.com\/wp-content\/uploads\/2023\/10\/pexels-photo-5082579.webp","datePublished":"2023-10-06T23:53:15+00:00","dateModified":"2023-10-07T18:40:15+00:00","breadcrumb":{"@id":"https:\/\/2be-in.com\/producto\/master-plan\/#breadcrumb"},"inLanguage":"en-US","potentialAction":[{"@type":"ReadAction","target":["https:\/\/2be-in.com\/producto\/master-plan\/"]}]},{"@type":"ImageObject","inLanguage":"en-US","@id":"https:\/\/2be-in.com\/producto\/master-plan\/#primaryimage","url":"https:\/\/2be-in.com\/wp-content\/uploads\/2023\/10\/pexels-photo-5082579.webp","contentUrl":"https:\/\/2be-in.com\/wp-content\/uploads\/2023\/10\/pexels-photo-5082579.webp","width":1125,"height":750},{"@type":"BreadcrumbList","@id":"https:\/\/2be-in.com\/producto\/master-plan\/#breadcrumb","itemListElement":[{"@type":"ListItem","position":1,"name":"Portada","item":"https:\/\/2be-in.com\/"},{"@type":"ListItem","position":2,"name":"Tienda","item":"https:\/\/2be-in.com\/tienda\/"},{"@type":"ListItem","position":3,"name":"Master Plan"}]},{"@type":"WebSite","@id":"https:\/\/2be-in.com\/#website","url":"https:\/\/2be-in.com\/","name":"2Be-in","description":"Tours virtuales","publisher":{"@id":"https:\/\/2be-in.com\/#organization"},"potentialAction":[{"@type":"SearchAction","target":{"@type":"EntryPoint","urlTemplate":"https:\/\/2be-in.com\/?s={search_term_string}"},"query-input":{"@type":"PropertyValueSpecification","valueRequired":true,"valueName":"search_term_string"}}],"inLanguage":"en-US"},{"@type":"Organization","@id":"https:\/\/2be-in.com\/#organization","name":"2Be-in","url":"https:\/\/2be-in.com\/","logo":{"@type":"ImageObject","inLanguage":"en-US","@id":"https:\/\/2be-in.com\/#\/schema\/logo\/image\/","url":"https:\/\/2be-in.com\/wp-content\/uploads\/2022\/04\/cropped-2-be-in.png","contentUrl":"https:\/\/2be-in.com\/wp-content\/uploads\/2022\/04\/cropped-2-be-in.png","width":500,"height":491,"caption":"2Be-in"},"image":{"@id":"https:\/\/2be-in.com\/#\/schema\/logo\/image\/"},"sameAs":["https:\/\/www.facebook.com\/2be-in-111216298214092"]}]}},"_links":{"self":[{"href":"https:\/\/2be-in.com\/en\/wp-json\/wp\/v2\/product\/7620","targetHints":{"allow":["GET"]}}],"collection":[{"href":"https:\/\/2be-in.com\/en\/wp-json\/wp\/v2\/product"}],"about":[{"href":"https:\/\/2be-in.com\/en\/wp-json\/wp\/v2\/types\/product"}],"wp:featuredmedia":[{"embeddable":true,"href":"https:\/\/2be-in.com\/en\/wp-json\/wp\/v2\/media\/7624"}],"wp:attachment":[{"href":"https:\/\/2be-in.com\/en\/wp-json\/wp\/v2\/media?parent=7620"}],"wp:term":[{"taxonomy":"product_brand","embeddable":true,"href":"https:\/\/2be-in.com\/en\/wp-json\/wp\/v2\/product_brand?post=7620"},{"taxonomy":"product_cat","embeddable":true,"href":"https:\/\/2be-in.com\/en\/wp-json\/wp\/v2\/product_cat?post=7620"},{"taxonomy":"product_tag","embeddable":true,"href":"https:\/\/2be-in.com\/en\/wp-json\/wp\/v2\/product_tag?post=7620"}],"curies":[{"name":"wp","href":"https:\/\/api.w.org\/{rel}","templated":true}]}}