{"id":7642,"date":"2023-10-09T22:50:45","date_gmt":"2023-10-09T22:50:45","guid":{"rendered":"http:\/\/2be-in.com\/?post_type=product&#038;p=7642"},"modified":"2023-10-09T23:57:38","modified_gmt":"2023-10-09T23:57:38","slug":"google-ads","status":"publish","type":"product","link":"https:\/\/2be-in.com\/en\/product\/google-ads\/","title":{"rendered":"Google ADS"},"content":{"rendered":"<ul>\n<li>Google\u00a0 Search; $2,500.00 MXN<\/li>\n<\/ul>\n<p>Llega a clientes interesados en tu producto o<br \/>\nservicio con anuncios de texto<\/p>\n<ul>\n<li>Google Display; $3,500.00 MXN<\/li>\n<\/ul>\n<p>Publicaci\u00f3n de anuncios display en p\u00e1ginas<br \/>\nweb<\/p>\n<ul>\n<li>Google Video Youtube; $4,999.00 MXN<\/li>\n<\/ul>\n<p>Publicaci\u00f3n de anuncios en YouTube<\/p>\n<div class=\"wpforms-container\" id=\"wpforms-7583\"><form id=\"wpforms-form-7583\" class=\"wpforms-validate wpforms-form wpforms-ajax-form\" data-formid=\"7583\" method=\"post\" enctype=\"multipart\/form-data\" action=\"\/en\/wp-json\/wp\/v2\/product\/7642\" data-token=\"03c68752ab6cbc27a3e745eaec099874\" data-trp-original-action=\"\/en\/wp-json\/wp\/v2\/product\/7642\"><noscript class=\"wpforms-error-noscript\">Please enable JavaScript in your browser to complete this form.<\/noscript><div class=\"wpforms-field-container\"><div id=\"wpforms-7583-field_1-container\" class=\"wpforms-field wpforms-field-html\" data-field-id=\"1\"><div id=\"wpforms-7583-field_1\"><h3>Cont\u00e1ctate con nosotros y despega tu negocio<\/h3><\/div><\/div><div id=\"wpforms-7583-field_2-container\" class=\"wpforms-field wpforms-field-layout\" data-field-id=\"2\"><label class=\"wpforms-field-label wpforms-label-hide\" for=\"wpforms-7583-field_2\">Layout<\/label><div class=\"wpforms-field-layout-columns wpforms-field-layout-preset-50-50\"><div class=\"wpforms-layout-column wpforms-layout-column-50\"><div id=\"wpforms-7583-field_3-container\" class=\"wpforms-field wpforms-field-name\" data-field-id=\"3\"><label class=\"wpforms-field-label\" for=\"wpforms-7583-field_3\">Name <span class=\"wpforms-required-label\">*<\/span><\/label><input type=\"text\" id=\"wpforms-7583-field_3\" class=\"wpforms-field-medium wpforms-field-required\" name=\"wpforms[fields][3]\" required><\/div><div id=\"wpforms-7583-field_8-container\" class=\"wpforms-field wpforms-field-email\" data-field-id=\"8\"><label class=\"wpforms-field-label\" for=\"wpforms-7583-field_8\">Correo electr\u00f3nico <span class=\"wpforms-required-label\">*<\/span><\/label><input type=\"email\" id=\"wpforms-7583-field_8\" class=\"wpforms-field-medium wpforms-field-required\" name=\"wpforms[fields][8]\" required><\/div><div id=\"wpforms-7583-field_11-container\" class=\"wpforms-field wpforms-field-textarea\" data-field-id=\"11\"><label class=\"wpforms-field-label\" for=\"wpforms-7583-field_11\">Dudas<\/label><textarea id=\"wpforms-7583-field_11\" class=\"wpforms-field-medium\" name=\"wpforms[fields][11]\" ><\/textarea><\/div><\/div><div class=\"wpforms-layout-column wpforms-layout-column-50\"><div id=\"wpforms-7583-field_4-container\" class=\"wpforms-field wpforms-field-phone\" data-field-id=\"4\"><label class=\"wpforms-field-label\" for=\"wpforms-7583-field_4\">Tel\u00e9fono  <span class=\"wpforms-required-label\">*<\/span><\/label><input type=\"tel\" id=\"wpforms-7583-field_4\" class=\"wpforms-field-medium wpforms-field-required wpforms-smart-phone-field\" data-rule-smart-phone-field=\"true\" name=\"wpforms[fields][4]\" required><\/div><div id=\"wpforms-7583-field_10-container\" class=\"wpforms-field wpforms-field-select wpforms-field-select-style-classic\" data-field-id=\"10\"><label class=\"wpforms-field-label\" for=\"wpforms-7583-field_10\">Servicio de inter\u00e9s  <span class=\"wpforms-required-label\">*<\/span><\/label><select id=\"wpforms-7583-field_10\" class=\"wpforms-field-medium wpforms-field-required\" name=\"wpforms[fields][10]\" required=\"required\"><option value=\"Administraci\u00f3n de redes sociales\" >Administraci\u00f3n de redes sociales<\/option><option value=\"Administraci\u00f3n de redes sociales + revisi\u00f3n \" >Administraci\u00f3n de redes sociales + revisi\u00f3n <\/option><option value=\"Campa\u00f1as sociales media\" >Campa\u00f1as sociales media<\/option><option value=\"Desarrollo web\" >Desarrollo web<\/option><option value=\"Dise\u00f1o de marca\" >Dise\u00f1o de marca<\/option><option value=\"Google Ads\" >Google Ads<\/option><option value=\"Master plan\" >Master plan<\/option><option value=\"Video marketing\" >Video marketing<\/option><\/select><\/div><\/div><\/div><\/div><\/div><div class=\"wpforms-recaptcha-container wpforms-is-recaptcha\"><div class=\"g-recaptcha\" data-sitekey=\"6LcXH_cjAAAAADGrScgQubFtLHm-oj492SXUwSJ9\"><\/div><input type=\"text\" name=\"g-recaptcha-hidden\" class=\"wpforms-recaptcha-hidden\" style=\"position:absolute!important;clip:rect(0,0,0,0)!important;height:1px!important;width:1px!important;border:0!important;overflow:hidden!important;padding:0!important;margin:0!important;\" required><\/div><div class=\"wpforms-submit-container\"><input type=\"hidden\" name=\"wpforms[id]\" value=\"7583\"><input type=\"hidden\" name=\"wpforms[author]\" value=\"2\"><button type=\"submit\" name=\"wpforms[submit]\" id=\"wpforms-submit-7583\" class=\"wpforms-submit\" data-alt-text=\"Enviando...\" data-submit-text=\"Enviar\" aria-live=\"assertive\" value=\"wpforms-submit\">Send<\/button><img decoding=\"async\" src=\"https:\/\/2be-in.com\/wp-content\/plugins\/wpforms\/assets\/images\/submit-spin.svg\" class=\"wpforms-submit-spinner\" style=\"display: none;\" width=\"26\" height=\"26\" alt=\"Loading\"><\/div><input type=\"hidden\" name=\"trp-form-language\" value=\"en\"\/><\/form><\/div>  <!-- .wpforms-container -->","protected":false},"excerpt":{"rendered":"<p>Campa\u00f1as para que lleves tr\u00e1fico<br \/>\na tu sitio web<\/p>\n<p>*Entrega<\/p>\n<p>Depende del tipo de campa\u00f1a solicitada<\/p>","protected":false},"featured_media":7639,"template":"","meta":{"site-sidebar-layout":"default","site-content-layout":"","ast-site-content-layout":"default","site-content-style":"default","site-sidebar-style":"default","ast-global-header-display":"","ast-banner-title-visibility":"","ast-main-header-display":"","ast-hfb-above-header-display":"","ast-hfb-below-header-display":"","ast-hfb-mobile-header-display":"","site-post-title":"","ast-breadcrumbs-content":"","ast-featured-img":"","footer-sml-layout":"","theme-transparent-header-meta":"default","adv-header-id-meta":"","stick-header-meta":"","header-above-stick-meta":"","header-main-stick-meta":"","header-below-stick-meta":"","astra-migrate-meta-layouts":"set","ast-page-background-enabled":"default","ast-page-background-meta":{"desktop":{"background-color":"","background-image":"","background-repeat":"repeat","background-position":"center center","background-size":"auto","background-attachment":"scroll","background-type":"","background-media":"","overlay-type":"","overlay-color":"","overlay-gradient":""},"tablet":{"background-color":"","background-image":"","background-repeat":"repeat","background-position":"center center","background-size":"auto","background-attachment":"scroll","background-type":"","background-media":"","overlay-type":"","overlay-color":"","overlay-gradient":""},"mobile":{"background-color":"","background-image":"","background-repeat":"repeat","background-position":"center center","background-size":"auto","background-attachment":"scroll","background-type":"","background-media":"","overlay-type":"","overlay-color":"","overlay-gradient":""}},"ast-content-background-meta":{"desktop":{"background-color":"var(--ast-global-color-5)","background-image":"","background-repeat":"repeat","background-position":"center center","background-size":"auto","background-attachment":"scroll","background-type":"","background-media":"","overlay-type":"","overlay-color":"","overlay-gradient":""},"tablet":{"background-color":"var(--ast-global-color-5)","background-image":"","background-repeat":"repeat","background-position":"center center","background-size":"auto","background-attachment":"scroll","background-type":"","background-media":"","overlay-type":"","overlay-color":"","overlay-gradient":""},"mobile":{"background-color":"var(--ast-global-color-5)","background-image":"","background-repeat":"repeat","background-position":"center center","background-size":"auto","background-attachment":"scroll","background-type":"","background-media":"","overlay-type":"","overlay-color":"","overlay-gradient":""}},"_joinchat":[]},"product_brand":[],"product_cat":[71],"product_tag":[],"class_list":{"0":"post-7642","1":"product","2":"type-product","3":"status-publish","4":"has-post-thumbnail","6":"product_cat-catalogo-servicios","7":"desktop-align-left","8":"tablet-align-left","9":"mobile-align-left","11":"first","12":"instock","13":"shipping-taxable","14":"product-type-simple"},"yoast_head":"<!-- This site is optimized with the Yoast SEO Premium plugin v19.5 (Yoast SEO v23.4) - https:\/\/yoast.com\/wordpress\/plugins\/seo\/ -->\n<title>Google ADS - 2Be-in<\/title>\n<meta name=\"robots\" content=\"index, follow, max-snippet:-1, max-image-preview:large, max-video-preview:-1\" \/>\n<link rel=\"canonical\" href=\"https:\/\/2be-in.com\/en\/product\/google-ads\/\" \/>\n<meta property=\"og:locale\" content=\"en_US\" \/>\n<meta property=\"og:type\" content=\"article\" \/>\n<meta property=\"og:title\" content=\"Google ADS\" \/>\n<meta property=\"og:description\" content=\"Campa\u00f1as para que lleves tr\u00e1fico a tu sitio web  *Entrega  Depende del tipo de campa\u00f1a solicitada\" \/>\n<meta property=\"og:url\" content=\"https:\/\/2be-in.com\/en\/product\/google-ads\/\" \/>\n<meta property=\"og:site_name\" content=\"2Be-in\" \/>\n<meta property=\"article:publisher\" content=\"https:\/\/www.facebook.com\/2be-in-111216298214092\" \/>\n<meta property=\"article:modified_time\" content=\"2023-10-09T23:57:38+00:00\" \/>\n<meta property=\"og:image\" content=\"https:\/\/2be-in.com\/wp-content\/uploads\/2023\/10\/pexels-photo-16368540.webp\" \/>\n\t<meta property=\"og:image:width\" content=\"563\" \/>\n\t<meta property=\"og:image:height\" content=\"750\" \/>\n\t<meta property=\"og:image:type\" content=\"image\/webp\" \/>\n<meta name=\"twitter:card\" content=\"summary_large_image\" \/>\n<meta name=\"twitter:label1\" content=\"Est. reading time\" \/>\n\t<meta name=\"twitter:data1\" content=\"1 minute\" \/>\n<script type=\"application\/ld+json\" class=\"yoast-schema-graph\">{\"@context\":\"https:\/\/schema.org\",\"@graph\":[{\"@type\":\"WebPage\",\"@id\":\"https:\/\/2be-in.com\/producto\/google-ads\/\",\"url\":\"https:\/\/2be-in.com\/producto\/google-ads\/\",\"name\":\"Google ADS - 2Be-in\",\"isPartOf\":{\"@id\":\"https:\/\/2be-in.com\/#website\"},\"primaryImageOfPage\":{\"@id\":\"https:\/\/2be-in.com\/producto\/google-ads\/#primaryimage\"},\"image\":{\"@id\":\"https:\/\/2be-in.com\/producto\/google-ads\/#primaryimage\"},\"thumbnailUrl\":\"https:\/\/2be-in.com\/wp-content\/uploads\/2023\/10\/pexels-photo-16368540.webp\",\"datePublished\":\"2023-10-09T22:50:45+00:00\",\"dateModified\":\"2023-10-09T23:57:38+00:00\",\"breadcrumb\":{\"@id\":\"https:\/\/2be-in.com\/producto\/google-ads\/#breadcrumb\"},\"inLanguage\":\"en-US\",\"potentialAction\":[{\"@type\":\"ReadAction\",\"target\":[\"https:\/\/2be-in.com\/producto\/google-ads\/\"]}]},{\"@type\":\"ImageObject\",\"inLanguage\":\"en-US\",\"@id\":\"https:\/\/2be-in.com\/producto\/google-ads\/#primaryimage\",\"url\":\"https:\/\/2be-in.com\/wp-content\/uploads\/2023\/10\/pexels-photo-16368540.webp\",\"contentUrl\":\"https:\/\/2be-in.com\/wp-content\/uploads\/2023\/10\/pexels-photo-16368540.webp\",\"width\":563,\"height\":750},{\"@type\":\"BreadcrumbList\",\"@id\":\"https:\/\/2be-in.com\/producto\/google-ads\/#breadcrumb\",\"itemListElement\":[{\"@type\":\"ListItem\",\"position\":1,\"name\":\"Portada\",\"item\":\"https:\/\/2be-in.com\/\"},{\"@type\":\"ListItem\",\"position\":2,\"name\":\"Tienda\",\"item\":\"https:\/\/2be-in.com\/tienda\/\"},{\"@type\":\"ListItem\",\"position\":3,\"name\":\"Google ADS\"}]},{\"@type\":\"WebSite\",\"@id\":\"https:\/\/2be-in.com\/#website\",\"url\":\"https:\/\/2be-in.com\/\",\"name\":\"2Be-in\",\"description\":\"Tours virtuales\",\"publisher\":{\"@id\":\"https:\/\/2be-in.com\/#organization\"},\"potentialAction\":[{\"@type\":\"SearchAction\",\"target\":{\"@type\":\"EntryPoint\",\"urlTemplate\":\"https:\/\/2be-in.com\/?s={search_term_string}\"},\"query-input\":{\"@type\":\"PropertyValueSpecification\",\"valueRequired\":true,\"valueName\":\"search_term_string\"}}],\"inLanguage\":\"en-US\"},{\"@type\":\"Organization\",\"@id\":\"https:\/\/2be-in.com\/#organization\",\"name\":\"2Be-in\",\"url\":\"https:\/\/2be-in.com\/\",\"logo\":{\"@type\":\"ImageObject\",\"inLanguage\":\"en-US\",\"@id\":\"https:\/\/2be-in.com\/#\/schema\/logo\/image\/\",\"url\":\"https:\/\/2be-in.com\/wp-content\/uploads\/2022\/04\/cropped-2-be-in.png\",\"contentUrl\":\"https:\/\/2be-in.com\/wp-content\/uploads\/2022\/04\/cropped-2-be-in.png\",\"width\":500,\"height\":491,\"caption\":\"2Be-in\"},\"image\":{\"@id\":\"https:\/\/2be-in.com\/#\/schema\/logo\/image\/\"},\"sameAs\":[\"https:\/\/www.facebook.com\/2be-in-111216298214092\"]}]}<\/script>\n<!-- \/ Yoast SEO Premium plugin. -->","yoast_head_json":{"title":"Google ADS - 2Be-in","robots":{"index":"index","follow":"follow","max-snippet":"max-snippet:-1","max-image-preview":"max-image-preview:large","max-video-preview":"max-video-preview:-1"},"canonical":"https:\/\/2be-in.com\/en\/product\/google-ads\/","og_locale":"en_US","og_type":"article","og_title":"Google ADS","og_description":"Campa\u00f1as para que lleves tr\u00e1fico a tu sitio web  *Entrega  Depende del tipo de campa\u00f1a solicitada","og_url":"https:\/\/2be-in.com\/en\/product\/google-ads\/","og_site_name":"2Be-in","article_publisher":"https:\/\/www.facebook.com\/2be-in-111216298214092","article_modified_time":"2023-10-09T23:57:38+00:00","og_image":[{"width":563,"height":750,"url":"https:\/\/2be-in.com\/wp-content\/uploads\/2023\/10\/pexels-photo-16368540.webp","type":"image\/webp"}],"twitter_card":"summary_large_image","twitter_misc":{"Est. reading time":"1 minute"},"schema":{"@context":"https:\/\/schema.org","@graph":[{"@type":"WebPage","@id":"https:\/\/2be-in.com\/producto\/google-ads\/","url":"https:\/\/2be-in.com\/producto\/google-ads\/","name":"Google ADS - 2Be-in","isPartOf":{"@id":"https:\/\/2be-in.com\/#website"},"primaryImageOfPage":{"@id":"https:\/\/2be-in.com\/producto\/google-ads\/#primaryimage"},"image":{"@id":"https:\/\/2be-in.com\/producto\/google-ads\/#primaryimage"},"thumbnailUrl":"https:\/\/2be-in.com\/wp-content\/uploads\/2023\/10\/pexels-photo-16368540.webp","datePublished":"2023-10-09T22:50:45+00:00","dateModified":"2023-10-09T23:57:38+00:00","breadcrumb":{"@id":"https:\/\/2be-in.com\/producto\/google-ads\/#breadcrumb"},"inLanguage":"en-US","potentialAction":[{"@type":"ReadAction","target":["https:\/\/2be-in.com\/producto\/google-ads\/"]}]},{"@type":"ImageObject","inLanguage":"en-US","@id":"https:\/\/2be-in.com\/producto\/google-ads\/#primaryimage","url":"https:\/\/2be-in.com\/wp-content\/uploads\/2023\/10\/pexels-photo-16368540.webp","contentUrl":"https:\/\/2be-in.com\/wp-content\/uploads\/2023\/10\/pexels-photo-16368540.webp","width":563,"height":750},{"@type":"BreadcrumbList","@id":"https:\/\/2be-in.com\/producto\/google-ads\/#breadcrumb","itemListElement":[{"@type":"ListItem","position":1,"name":"Portada","item":"https:\/\/2be-in.com\/"},{"@type":"ListItem","position":2,"name":"Tienda","item":"https:\/\/2be-in.com\/tienda\/"},{"@type":"ListItem","position":3,"name":"Google ADS"}]},{"@type":"WebSite","@id":"https:\/\/2be-in.com\/#website","url":"https:\/\/2be-in.com\/","name":"2Be-in","description":"Tours virtuales","publisher":{"@id":"https:\/\/2be-in.com\/#organization"},"potentialAction":[{"@type":"SearchAction","target":{"@type":"EntryPoint","urlTemplate":"https:\/\/2be-in.com\/?s={search_term_string}"},"query-input":{"@type":"PropertyValueSpecification","valueRequired":true,"valueName":"search_term_string"}}],"inLanguage":"en-US"},{"@type":"Organization","@id":"https:\/\/2be-in.com\/#organization","name":"2Be-in","url":"https:\/\/2be-in.com\/","logo":{"@type":"ImageObject","inLanguage":"en-US","@id":"https:\/\/2be-in.com\/#\/schema\/logo\/image\/","url":"https:\/\/2be-in.com\/wp-content\/uploads\/2022\/04\/cropped-2-be-in.png","contentUrl":"https:\/\/2be-in.com\/wp-content\/uploads\/2022\/04\/cropped-2-be-in.png","width":500,"height":491,"caption":"2Be-in"},"image":{"@id":"https:\/\/2be-in.com\/#\/schema\/logo\/image\/"},"sameAs":["https:\/\/www.facebook.com\/2be-in-111216298214092"]}]}},"_links":{"self":[{"href":"https:\/\/2be-in.com\/en\/wp-json\/wp\/v2\/product\/7642","targetHints":{"allow":["GET"]}}],"collection":[{"href":"https:\/\/2be-in.com\/en\/wp-json\/wp\/v2\/product"}],"about":[{"href":"https:\/\/2be-in.com\/en\/wp-json\/wp\/v2\/types\/product"}],"wp:featuredmedia":[{"embeddable":true,"href":"https:\/\/2be-in.com\/en\/wp-json\/wp\/v2\/media\/7639"}],"wp:attachment":[{"href":"https:\/\/2be-in.com\/en\/wp-json\/wp\/v2\/media?parent=7642"}],"wp:term":[{"taxonomy":"product_brand","embeddable":true,"href":"https:\/\/2be-in.com\/en\/wp-json\/wp\/v2\/product_brand?post=7642"},{"taxonomy":"product_cat","embeddable":true,"href":"https:\/\/2be-in.com\/en\/wp-json\/wp\/v2\/product_cat?post=7642"},{"taxonomy":"product_tag","embeddable":true,"href":"https:\/\/2be-in.com\/en\/wp-json\/wp\/v2\/product_tag?post=7642"}],"curies":[{"name":"wp","href":"https:\/\/api.w.org\/{rel}","templated":true}]}}